{"id":17046,"date":"2026-03-09T08:46:56","date_gmt":"2026-03-09T08:46:56","guid":{"rendered":"https:\/\/kaymi.de\/product\/exodna-plus\/"},"modified":"2026-03-09T08:46:56","modified_gmt":"2026-03-09T08:46:56","slug":"exodna-plus","status":"publish","type":"product","link":"https:\/\/kaymi.de\/de\/produkt\/exodna-plus\/","title":{"rendered":"EXODNA PLUS"},"content":{"rendered":"<p>EXODNA PLUS ist eine fortschrittliche \u00e4sthetische Formulierung mit Bio-Signalkomponenten, die von Exosomen-abgeleiteten Komplexen und Nukleins\u00e4urefragmenten inspiriert sind.<\/p>\n<p>Die Formulierung wurde entwickelt, um die zellul\u00e4re Kommunikation in der Haut zu unterst\u00fctzen und eine sichtbare Hautvitalisierung zu f\u00f6rdern.<\/p>\n<p>Durch die Aufrechterhaltung optimaler Hautaktivit\u00e4t und struktureller Balance tr\u00e4gt EXODNA PLUS zu verbesserter Hautstruktur, Widerstandsf\u00e4higkeit und allgemeiner Hautqualit\u00e4t bei.<\/p>\n","protected":false},"excerpt":{"rendered":"<p>EXODNA PLUS ist eine fortschrittliche \u00e4sthetische Formulierung mit Bio-Signalkomponenten, die von Exosomen-abgeleiteten Komplexen und Nukleins\u00e4urefragmenten inspiriert sind.<\/p>\n<p>Die Formulierung wurde entwickelt, um die zellul\u00e4re Kommunikation in der Haut zu unterst\u00fctzen und eine sichtbare Hautvitalisierung zu f\u00f6rdern.<\/p>\n<p>Durch die Aufrechterhaltung optimaler Hautaktivit\u00e4t und struktureller Balance tr\u00e4gt EXODNA PLUS zu verbesserter Hautstruktur, Widerstandsf\u00e4higkeit und allgemeiner Hautqualit\u00e4t bei.<\/p>\n","protected":false},"featured_media":16847,"comment_status":"open","ping_status":"closed","template":"","meta":[],"product_brand":[],"product_cat":[97],"product_tag":[],"class_list":{"0":"post-17046","1":"product","2":"type-product","3":"status-publish","4":"has-post-thumbnail","6":"product_cat-exosom-dna","8":"first","9":"instock","10":"shipping-taxable","11":"purchasable","12":"product-type-simple"},"_links":{"self":[{"href":"https:\/\/kaymi.de\/de\/wp-json\/wp\/v2\/product\/17046","targetHints":{"allow":["GET"]}}],"collection":[{"href":"https:\/\/kaymi.de\/de\/wp-json\/wp\/v2\/product"}],"about":[{"href":"https:\/\/kaymi.de\/de\/wp-json\/wp\/v2\/types\/product"}],"replies":[{"embeddable":true,"href":"https:\/\/kaymi.de\/de\/wp-json\/wp\/v2\/comments?post=17046"}],"version-history":[{"count":0,"href":"https:\/\/kaymi.de\/de\/wp-json\/wp\/v2\/product\/17046\/revisions"}],"wp:featuredmedia":[{"embeddable":true,"href":"https:\/\/kaymi.de\/de\/wp-json\/wp\/v2\/media\/16847"}],"wp:attachment":[{"href":"https:\/\/kaymi.de\/de\/wp-json\/wp\/v2\/media?parent=17046"}],"wp:term":[{"taxonomy":"product_brand","embeddable":true,"href":"https:\/\/kaymi.de\/de\/wp-json\/wp\/v2\/product_brand?post=17046"},{"taxonomy":"product_cat","embeddable":true,"href":"https:\/\/kaymi.de\/de\/wp-json\/wp\/v2\/product_cat?post=17046"},{"taxonomy":"product_tag","embeddable":true,"href":"https:\/\/kaymi.de\/de\/wp-json\/wp\/v2\/product_tag?post=17046"}],"curies":[{"name":"wp","href":"https:\/\/api.w.org\/{rel}","templated":true}]}}